{"id":54,"date":"2014-03-23T16:07:57","date_gmt":"2014-03-23T16:07:57","guid":{"rendered":"http:\/\/www.cssigniter.com\/preview\/factum\/?page_id=2"},"modified":"2021-10-14T19:25:28","modified_gmt":"2021-10-14T19:25:28","slug":"home","status":"publish","type":"page","link":"https:\/\/casagrande.adv.br\/","title":{"rendered":"DIREITO EMPRESARIAL INTERNACIONAL, FAL\u00caNCIAS e RECUPERA\u00c7\u00c3O DE EMPRESAS"},"content":{"rendered":"<pre>Ships Running Aground in a Storm,&nbsp;BACKHUYSEN, Ludolf, 1960's.&nbsp;Mus\u00e9es Royaux des Beaux-Arts, Brussels.<\/pre>\n","protected":false},"excerpt":{"rendered":"<p>Ships Running Aground in a Storm,&nbsp;BACKHUYSEN, Ludolf, 1960&#8217;s.&nbsp;Mus\u00e9es Royaux des Beaux-Arts, Brussels.<\/p>\n","protected":false},"author":2,"featured_media":104,"parent":0,"menu_order":0,"comment_status":"open","ping_status":"closed","template":"template-frontpage.php","meta":[],"_links":{"self":[{"href":"https:\/\/casagrande.adv.br\/index.php?rest_route=\/wp\/v2\/pages\/54"}],"collection":[{"href":"https:\/\/casagrande.adv.br\/index.php?rest_route=\/wp\/v2\/pages"}],"about":[{"href":"https:\/\/casagrande.adv.br\/index.php?rest_route=\/wp\/v2\/types\/page"}],"author":[{"embeddable":true,"href":"https:\/\/casagrande.adv.br\/index.php?rest_route=\/wp\/v2\/users\/2"}],"replies":[{"embeddable":true,"href":"https:\/\/casagrande.adv.br\/index.php?rest_route=%2Fwp%2Fv2%2Fcomments&post=54"}],"version-history":[{"count":4,"href":"https:\/\/casagrande.adv.br\/index.php?rest_route=\/wp\/v2\/pages\/54\/revisions"}],"predecessor-version":[{"id":227,"href":"https:\/\/casagrande.adv.br\/index.php?rest_route=\/wp\/v2\/pages\/54\/revisions\/227"}],"wp:featuredmedia":[{"embeddable":true,"href":"https:\/\/casagrande.adv.br\/index.php?rest_route=\/wp\/v2\/media\/104"}],"wp:attachment":[{"href":"https:\/\/casagrande.adv.br\/index.php?rest_route=%2Fwp%2Fv2%2Fmedia&parent=54"}],"curies":[{"name":"wp","href":"https:\/\/api.w.org\/{rel}","templated":true}]}}